{"id":48,"date":"2024-02-17T18:21:51","date_gmt":"2024-02-17T18:21:51","guid":{"rendered":"http:\/\/wildstein.pouzar.cloud\/?page_id=48"},"modified":"2024-02-26T20:22:11","modified_gmt":"2024-02-26T20:22:11","slug":"kontakt","status":"publish","type":"page","link":"https:\/\/zbynekpouzar.cz\/index.php\/kontakt\/","title":{"rendered":"Kontakt"},"content":{"rendered":"\n<h3 class=\"wp-block-heading\">Ing. Zbyn\u011bk Pouzar<\/h3>\n\n\n\n<p>\u010clen \u010cKAIT \u010d. 0301048<\/p>\n\n\n\n<ul class=\"wp-block-list\">\n<li>Telefon\n<ul class=\"wp-block-list\">\n<li>+420 604 611 456<\/li>\n<\/ul>\n<\/li>\n\n\n\n<li>E-Mail\n<ul class=\"wp-block-list\">\n<li>zpouzar@seznam.cz<\/li>\n<\/ul>\n<\/li>\n\n\n\n<li>Adresa\n<ul class=\"wp-block-list\">\n<li>Sadov\u00e1 245<\/li>\n\n\n\n<li>351 34 Skaln\u00e1<\/li>\n<\/ul>\n<\/li>\n<\/ul>\n\n\n\n<div style=\"max-width:100%;overflow:hidden;color:red;width:100%px;height:600px;\"><div id=\"canvas-for-googlemap\" style=\"height:100%; width:100%;max-width:100%;\"><iframe style=\"height:100%;width:100%;border:0;\" frameborder=\"0\" src=\"https:\/\/www.google.com\/maps\/embed\/v1\/place?q=Ing.+Zbyn\u011bk+Pouzar,+Sadov\u00e1,+Skaln\u00e1,+Czechia&#038;key=AIzaSyBFw0Qbyq9zTFTd-tUY6dZWTgaQzuU17R8\"><\/iframe><\/div><a class=\"googlecoder\" rel=\"nofollow\" href=\"https:\/\/www.bootstrapskins.com\/themes\" id=\"get-data-for-map\">premium bootstrap themes<\/a><style>#canvas-for-googlemap img.text-marker{max-width:none!important;background:none!important;}img{max-width:none}<\/style><\/div>\n","protected":false},"excerpt":{"rendered":"<p>Ing. Zbyn\u011bk Pouzar \u010clen \u010cKAIT \u010d. 0301048 premium bootstrap themes<\/p>\n","protected":false},"author":1,"featured_media":0,"parent":0,"menu_order":0,"comment_status":"closed","ping_status":"closed","template":"","meta":{"inline_featured_image":false,"site-sidebar-layout":"default","site-content-layout":"","ast-site-content-layout":"","site-content-style":"default","site-sidebar-style":"default","ast-global-header-display":"","ast-banner-title-visibility":"","ast-main-header-display":"","ast-hfb-above-header-display":"","ast-hfb-below-header-display":"","ast-hfb-mobile-header-display":"","site-post-title":"","ast-breadcrumbs-content":"","ast-featured-img":"","footer-sml-layout":"","theme-transparent-header-meta":"","adv-header-id-meta":"","stick-header-meta":"","header-above-stick-meta":"","header-main-stick-meta":"","header-below-stick-meta":"","astra-migrate-meta-layouts":"default","ast-page-background-enabled":"default","ast-page-background-meta":{"desktop":{"background-color":"var(--ast-global-color-4)","background-image":"","background-repeat":"repeat","background-position":"center center","background-size":"auto","background-attachment":"scroll","background-type":"","background-media":"","overlay-type":"","overlay-color":"","overlay-gradient":""},"tablet":{"background-color":"","background-image":"","background-repeat":"repeat","background-position":"center center","background-size":"auto","background-attachment":"scroll","background-type":"","background-media":"","overlay-type":"","overlay-color":"","overlay-gradient":""},"mobile":{"background-color":"","background-image":"","background-repeat":"repeat","background-position":"center center","background-size":"auto","background-attachment":"scroll","background-type":"","background-media":"","overlay-type":"","overlay-color":"","overlay-gradient":""}},"ast-content-background-meta":{"desktop":{"background-color":"var(--ast-global-color-5)","background-image":"","background-repeat":"repeat","background-position":"center center","background-size":"auto","background-attachment":"scroll","background-type":"","background-media":"","overlay-type":"","overlay-color":"","overlay-gradient":""},"tablet":{"background-color":"var(--ast-global-color-5)","background-image":"","background-repeat":"repeat","background-position":"center center","background-size":"auto","background-attachment":"scroll","background-type":"","background-media":"","overlay-type":"","overlay-color":"","overlay-gradient":""},"mobile":{"background-color":"var(--ast-global-color-5)","background-image":"","background-repeat":"repeat","background-position":"center center","background-size":"auto","background-attachment":"scroll","background-type":"","background-media":"","overlay-type":"","overlay-color":"","overlay-gradient":""}},"footnotes":""},"class_list":["post-48","page","type-page","status-publish","hentry"],"_links":{"self":[{"href":"https:\/\/zbynekpouzar.cz\/index.php\/wp-json\/wp\/v2\/pages\/48","targetHints":{"allow":["GET"]}}],"collection":[{"href":"https:\/\/zbynekpouzar.cz\/index.php\/wp-json\/wp\/v2\/pages"}],"about":[{"href":"https:\/\/zbynekpouzar.cz\/index.php\/wp-json\/wp\/v2\/types\/page"}],"author":[{"embeddable":true,"href":"https:\/\/zbynekpouzar.cz\/index.php\/wp-json\/wp\/v2\/users\/1"}],"replies":[{"embeddable":true,"href":"https:\/\/zbynekpouzar.cz\/index.php\/wp-json\/wp\/v2\/comments?post=48"}],"version-history":[{"count":4,"href":"https:\/\/zbynekpouzar.cz\/index.php\/wp-json\/wp\/v2\/pages\/48\/revisions"}],"predecessor-version":[{"id":149,"href":"https:\/\/zbynekpouzar.cz\/index.php\/wp-json\/wp\/v2\/pages\/48\/revisions\/149"}],"wp:attachment":[{"href":"https:\/\/zbynekpouzar.cz\/index.php\/wp-json\/wp\/v2\/media?parent=48"}],"curies":[{"name":"wp","href":"https:\/\/api.w.org\/{rel}","templated":true}]}}